{"id":59,"date":"2024-08-20T18:00:07","date_gmt":"2024-08-20T18:00:07","guid":{"rendered":"https:\/\/produza.com.py\/?page_id=59"},"modified":"2025-12-03T16:47:42","modified_gmt":"2025-12-03T16:47:42","slug":"calidad-certificaciones","status":"publish","type":"page","link":"https:\/\/produza.com.py\/pt\/calidad-certificaciones\/","title":{"rendered":"Qualidade e certifica\u00e7\u00f5es"},"content":{"rendered":"<div data-elementor-type=\"wp-page\" data-elementor-id=\"59\" class=\"elementor elementor-59\" data-elementor-post-type=\"page\">\n\t\t\t\t<div class=\"elementor-element elementor-element-b9291a1 e-flex e-con-boxed e-con e-parent\" data-id=\"b9291a1\" data-element_type=\"container\" data-settings=\"{&quot;background_background&quot;:&quot;classic&quot;}\">\n\t\t\t\t\t<div class=\"e-con-inner\">\n\t\t\t\t<div class=\"elementor-element elementor-element-cf55e9e elementor-widget elementor-widget-heading\" data-id=\"cf55e9e\" data-element_type=\"widget\" data-widget_type=\"heading.default\">\n\t\t\t\t<div class=\"elementor-widget-container\">\n\t\t\t\t\t<h1 class=\"elementor-heading-title elementor-size-default\">Qualidade e certifica\u00e7\u00f5es<\/h1>\t\t\t\t<\/div>\n\t\t\t\t<\/div>\n\t\t\t\t\t<\/div>\n\t\t\t\t<\/div>\n\t\t<div class=\"elementor-element elementor-element-1a5e72f e-flex e-con-boxed e-con e-parent\" data-id=\"1a5e72f\" data-element_type=\"container\" data-settings=\"{&quot;background_background&quot;:&quot;classic&quot;}\">\n\t\t\t\t\t<div class=\"e-con-inner\">\n\t\t<div class=\"elementor-element elementor-element-211d2bd e-con-full e-flex e-con e-child\" data-id=\"211d2bd\" data-element_type=\"container\">\n\t\t\t\t<div class=\"elementor-element elementor-element-77e4831 elementor-widget elementor-widget-gallery\" data-id=\"77e4831\" data-element_type=\"widget\" data-settings=\"{&quot;gallery_layout&quot;:&quot;justified&quot;,&quot;ideal_row_height&quot;:{&quot;unit&quot;:&quot;px&quot;,&quot;size&quot;:300,&quot;sizes&quot;:[]},&quot;lazyload&quot;:&quot;yes&quot;,&quot;ideal_row_height_tablet&quot;:{&quot;unit&quot;:&quot;px&quot;,&quot;size&quot;:150,&quot;sizes&quot;:[]},&quot;ideal_row_height_mobile&quot;:{&quot;unit&quot;:&quot;px&quot;,&quot;size&quot;:150,&quot;sizes&quot;:[]},&quot;gap&quot;:{&quot;unit&quot;:&quot;px&quot;,&quot;size&quot;:10,&quot;sizes&quot;:[]},&quot;gap_tablet&quot;:{&quot;unit&quot;:&quot;px&quot;,&quot;size&quot;:10,&quot;sizes&quot;:[]},&quot;gap_mobile&quot;:{&quot;unit&quot;:&quot;px&quot;,&quot;size&quot;:10,&quot;sizes&quot;:[]},&quot;link_to&quot;:&quot;file&quot;,&quot;overlay_background&quot;:&quot;yes&quot;,&quot;content_hover_animation&quot;:&quot;fade-in&quot;}\" data-widget_type=\"gallery.default\">\n\t\t\t\t<div class=\"elementor-widget-container\">\n\t\t\t\t\t\t\t<div class=\"elementor-gallery__container\">\n\t\t\t\t\t\t\t<a class=\"e-gallery-item elementor-gallery-item elementor-animated-content\" href=\"https:\/\/produza.com.py\/wp-content\/uploads\/2024\/10\/Sequencia-03.00_09_07_12.Quadro024.webp\" data-elementor-open-lightbox=\"yes\" data-elementor-lightbox-slideshow=\"77e4831\" data-elementor-lightbox-title=\"Sequencia-03.00_09_07_12.Quadro024\" data-e-action-hash=\"#elementor-action%3Aaction%3Dlightbox%26settings%3DeyJpZCI6MjM2NiwidXJsIjoiaHR0cHM6XC9cL3Byb2R1emEuY29tLnB5XC93cC1jb250ZW50XC91cGxvYWRzXC8yMDI0XC8xMFwvU2VxdWVuY2lhLTAzLjAwXzA5XzA3XzEyLlF1YWRybzAyNC53ZWJwIiwic2xpZGVzaG93IjoiNzdlNDgzMSJ9\">\n\t\t\t\t\t<div class=\"e-gallery-image elementor-gallery-item__image\" data-thumbnail=\"https:\/\/produza.com.py\/wp-content\/uploads\/2024\/10\/Sequencia-03.00_09_07_12.Quadro024.webp\" data-width=\"1920\" data-height=\"1080\" aria-label=\"\" role=\"img\" ><\/div>\n\t\t\t\t\t\t\t\t\t\t\t<div class=\"elementor-gallery-item__overlay\"><\/div>\n\t\t\t\t\t\t\t\t\t\t\t\t\t\t<\/a>\n\t\t\t\t\t\t\t<a class=\"e-gallery-item elementor-gallery-item elementor-animated-content\" href=\"https:\/\/produza.com.py\/wp-content\/uploads\/2024\/10\/Sequencia-03.00_11_09_16.Quadro035.webp\" data-elementor-open-lightbox=\"yes\" data-elementor-lightbox-slideshow=\"77e4831\" data-elementor-lightbox-title=\"Sequencia-03.00_11_09_16.Quadro035\" data-e-action-hash=\"#elementor-action%3Aaction%3Dlightbox%26settings%3DeyJpZCI6MjM2NywidXJsIjoiaHR0cHM6XC9cL3Byb2R1emEuY29tLnB5XC93cC1jb250ZW50XC91cGxvYWRzXC8yMDI0XC8xMFwvU2VxdWVuY2lhLTAzLjAwXzExXzA5XzE2LlF1YWRybzAzNS53ZWJwIiwic2xpZGVzaG93IjoiNzdlNDgzMSJ9\">\n\t\t\t\t\t<div class=\"e-gallery-image elementor-gallery-item__image\" data-thumbnail=\"https:\/\/produza.com.py\/wp-content\/uploads\/2024\/10\/Sequencia-03.00_11_09_16.Quadro035.webp\" data-width=\"1920\" data-height=\"1080\" aria-label=\"\" role=\"img\" ><\/div>\n\t\t\t\t\t\t\t\t\t\t\t<div class=\"elementor-gallery-item__overlay\"><\/div>\n\t\t\t\t\t\t\t\t\t\t\t\t\t\t<\/a>\n\t\t\t\t\t\t\t<a class=\"e-gallery-item elementor-gallery-item elementor-animated-content\" href=\"https:\/\/produza.com.py\/wp-content\/uploads\/2024\/10\/Sequencia-03.00_11_04_06.Quadro034.webp\" data-elementor-open-lightbox=\"yes\" data-elementor-lightbox-slideshow=\"77e4831\" data-elementor-lightbox-title=\"Sequencia-03.00_11_04_06.Quadro034\" data-e-action-hash=\"#elementor-action%3Aaction%3Dlightbox%26settings%3DeyJpZCI6MjM2OCwidXJsIjoiaHR0cHM6XC9cL3Byb2R1emEuY29tLnB5XC93cC1jb250ZW50XC91cGxvYWRzXC8yMDI0XC8xMFwvU2VxdWVuY2lhLTAzLjAwXzExXzA0XzA2LlF1YWRybzAzNC53ZWJwIiwic2xpZGVzaG93IjoiNzdlNDgzMSJ9\">\n\t\t\t\t\t<div class=\"e-gallery-image elementor-gallery-item__image\" data-thumbnail=\"https:\/\/produza.com.py\/wp-content\/uploads\/2024\/10\/Sequencia-03.00_11_04_06.Quadro034.webp\" data-width=\"1920\" data-height=\"1080\" aria-label=\"\" role=\"img\" ><\/div>\n\t\t\t\t\t\t\t\t\t\t\t<div class=\"elementor-gallery-item__overlay\"><\/div>\n\t\t\t\t\t\t\t\t\t\t\t\t\t\t<\/a>\n\t\t\t\t\t\t\t<a class=\"e-gallery-item elementor-gallery-item elementor-animated-content\" href=\"https:\/\/produza.com.py\/wp-content\/uploads\/2024\/10\/DECUP_01.00_31_30_01.Quadro102.webp\" data-elementor-open-lightbox=\"yes\" data-elementor-lightbox-slideshow=\"77e4831\" data-elementor-lightbox-title=\"DECUP_01.00_31_30_01.Quadro102\" data-e-action-hash=\"#elementor-action%3Aaction%3Dlightbox%26settings%3DeyJpZCI6MjM2MiwidXJsIjoiaHR0cHM6XC9cL3Byb2R1emEuY29tLnB5XC93cC1jb250ZW50XC91cGxvYWRzXC8yMDI0XC8xMFwvREVDVVBfMDEuMDBfMzFfMzBfMDEuUXVhZHJvMTAyLndlYnAiLCJzbGlkZXNob3ciOiI3N2U0ODMxIn0%3D\">\n\t\t\t\t\t<div class=\"e-gallery-image elementor-gallery-item__image\" data-thumbnail=\"https:\/\/produza.com.py\/wp-content\/uploads\/2024\/10\/DECUP_01.00_31_30_01.Quadro102.webp\" data-width=\"1920\" data-height=\"1080\" aria-label=\"\" role=\"img\" ><\/div>\n\t\t\t\t\t\t\t\t\t\t\t<div class=\"elementor-gallery-item__overlay\"><\/div>\n\t\t\t\t\t\t\t\t\t\t\t\t\t\t<\/a>\n\t\t\t\t\t<\/div>\n\t\t\t\t\t<\/div>\n\t\t\t\t<\/div>\n\t\t\t\t<\/div>\n\t\t<div class=\"elementor-element elementor-element-99e9e6f e-con-full e-flex e-con e-child\" data-id=\"99e9e6f\" data-element_type=\"container\">\n\t\t\t\t<div class=\"elementor-element elementor-element-de6801d elementor-widget__width-initial elementor-widget elementor-widget-heading\" data-id=\"de6801d\" data-element_type=\"widget\" data-widget_type=\"heading.default\">\n\t\t\t\t<div class=\"elementor-widget-container\">\n\t\t\t\t\t<h2 class=\"elementor-heading-title elementor-size-default\">Planta <\/h2>\t\t\t\t<\/div>\n\t\t\t\t<\/div>\n\t\t\t\t<div class=\"elementor-element elementor-element-ec95148 elementor-widget__width-initial elementor-widget elementor-widget-heading\" data-id=\"ec95148\" data-element_type=\"widget\" data-widget_type=\"heading.default\">\n\t\t\t\t<div class=\"elementor-widget-container\">\n\t\t\t\t\t<h2 class=\"elementor-heading-title elementor-size-default\">de produ\u00e7\u00e3o<\/h2>\t\t\t\t<\/div>\n\t\t\t\t<\/div>\n\t\t\t\t<div class=\"elementor-element elementor-element-ffe201a elementor-widget elementor-widget-text-editor\" data-id=\"ffe201a\" data-element_type=\"widget\" data-widget_type=\"text-editor.default\">\n\t\t\t\t<div class=\"elementor-widget-container\">\n\t\t\t\t\t\t\t\t\t<p>A Agropecu\u00e1ria Produza S.A. se orgulha de ter uma planta de processamento de \u00faltima gera\u00e7\u00e3o, certificada em seguran\u00e7a alimentar (SSC22.000), que garante que seus produtos de chia - gr\u00e3os, \u00f3leo e farinha - atendam aos mais altos padr\u00f5es de qualidade e seguran\u00e7a.<\/p><p>\u00a0Com foco na qualidade, do cultivo ao processamento, a f\u00e1brica \u00e9 equipada com\ntecnologias avan\u00e7adas que permitem o controle rigoroso de cada etapa da produ\u00e7\u00e3o. Os\nprocessos s\u00e3o realizados de acordo com as melhores pr\u00e1ticas internacionais de\nhigiene e seguran\u00e7a alimentar, seguindo padr\u00f5es certificados por autoridades\nreconhecidas do setor.<\/p><p>\u00a0A certifica\u00e7\u00e3o de seguran\u00e7a alimentar \u00e9 um reflexo do compromisso da\nAgropecu\u00e1ria Produza S.A. de fornecer produtos confi\u00e1veis e seguros a seus clientes\nglobais. Ela tamb\u00e9m garante a rastreabilidade total de seus produtos,\nassegurando a confian\u00e7a dos parceiros comerciais e dos consumidores.<\/p>\t\t\t\t\t\t\t\t<\/div>\n\t\t\t\t<\/div>\n\t\t\t\t<\/div>\n\t\t\t\t\t<\/div>\n\t\t\t\t<\/div>\n\t\t<div class=\"elementor-element elementor-element-3420499 e-flex e-con-boxed e-con e-parent\" data-id=\"3420499\" data-element_type=\"container\" data-settings=\"{&quot;background_background&quot;:&quot;classic&quot;}\">\n\t\t\t\t\t<div class=\"e-con-inner\">\n\t\t\t\t<div class=\"elementor-element elementor-element-4cddace elementor-widget elementor-widget-heading\" data-id=\"4cddace\" data-element_type=\"widget\" data-widget_type=\"heading.default\">\n\t\t\t\t<div class=\"elementor-widget-container\">\n\t\t\t\t\t<h2 class=\"elementor-heading-title elementor-size-default\">Certifica\u00e7\u00f5es<\/h2>\t\t\t\t<\/div>\n\t\t\t\t<\/div>\n\t\t\t\t<div class=\"elementor-element elementor-element-1271704 elementor-widget elementor-widget-gallery\" data-id=\"1271704\" data-element_type=\"widget\" data-settings=\"{&quot;gallery_layout&quot;:&quot;justified&quot;,&quot;ideal_row_height&quot;:{&quot;unit&quot;:&quot;px&quot;,&quot;size&quot;:100,&quot;sizes&quot;:[]},&quot;ideal_row_height_tablet&quot;:{&quot;unit&quot;:&quot;px&quot;,&quot;size&quot;:135,&quot;sizes&quot;:[]},&quot;ideal_row_height_mobile&quot;:{&quot;unit&quot;:&quot;px&quot;,&quot;size&quot;:120,&quot;sizes&quot;:[]},&quot;lazyload&quot;:&quot;yes&quot;,&quot;gap&quot;:{&quot;unit&quot;:&quot;px&quot;,&quot;size&quot;:10,&quot;sizes&quot;:[]},&quot;gap_tablet&quot;:{&quot;unit&quot;:&quot;px&quot;,&quot;size&quot;:10,&quot;sizes&quot;:[]},&quot;gap_mobile&quot;:{&quot;unit&quot;:&quot;px&quot;,&quot;size&quot;:10,&quot;sizes&quot;:[]}}\" data-widget_type=\"gallery.default\">\n\t\t\t\t<div class=\"elementor-widget-container\">\n\t\t\t\t\t\t\t<div class=\"elementor-gallery__container\">\n\t\t\t\t\t\t\t<div class=\"e-gallery-item elementor-gallery-item\">\n\t\t\t\t\t<div class=\"e-gallery-image elementor-gallery-item__image\" data-thumbnail=\"https:\/\/produza.com.py\/wp-content\/uploads\/2025\/03\/organic-EU.png\" data-width=\"200\" data-height=\"145\" aria-label=\"\" role=\"img\" ><\/div>\n\t\t\t\t\t\t\t\t\t\t\t\t\t\t<\/div>\n\t\t\t\t\t\t\t<div class=\"e-gallery-item elementor-gallery-item\">\n\t\t\t\t\t<div class=\"e-gallery-image elementor-gallery-item__image\" data-thumbnail=\"https:\/\/produza.com.py\/wp-content\/uploads\/2024\/10\/3u9bcg9re3g8vr9evh.svg\" data-width=\"1\" data-height=\"1\" aria-label=\"\" role=\"img\" ><\/div>\n\t\t\t\t\t\t\t\t\t\t\t\t\t\t<\/div>\n\t\t\t\t\t\t\t<div class=\"e-gallery-item elementor-gallery-item\">\n\t\t\t\t\t<div class=\"e-gallery-image elementor-gallery-item__image\" data-thumbnail=\"https:\/\/produza.com.py\/wp-content\/uploads\/2024\/10\/dqefugw9fgwrf.svg\" data-width=\"1\" data-height=\"1\" aria-label=\"\" role=\"img\" ><\/div>\n\t\t\t\t\t\t\t\t\t\t\t\t\t\t<\/div>\n\t\t\t\t\t\t\t<div class=\"e-gallery-item elementor-gallery-item\">\n\t\t\t\t\t<div class=\"e-gallery-image elementor-gallery-item__image\" data-thumbnail=\"https:\/\/produza.com.py\/wp-content\/uploads\/2024\/10\/3v03r9vchre9ufhver.svg\" data-width=\"1\" data-height=\"1\" aria-label=\"\" role=\"img\" ><\/div>\n\t\t\t\t\t\t\t\t\t\t\t\t\t\t<\/div>\n\t\t\t\t\t\t\t<div class=\"e-gallery-item elementor-gallery-item\">\n\t\t\t\t\t<div class=\"e-gallery-image elementor-gallery-item__image\" data-thumbnail=\"https:\/\/produza.com.py\/wp-content\/uploads\/2025\/03\/usda.png\" data-width=\"200\" data-height=\"145\" aria-label=\"\" role=\"img\" ><\/div>\n\t\t\t\t\t\t\t\t\t\t\t\t\t\t<\/div>\n\t\t\t\t\t\t\t<div class=\"e-gallery-item elementor-gallery-item\">\n\t\t\t\t\t<div class=\"e-gallery-image elementor-gallery-item__image\" data-thumbnail=\"https:\/\/produza.com.py\/wp-content\/uploads\/2024\/10\/9wugrv9rgvc9erve.svg\" data-width=\"1\" data-height=\"1\" aria-label=\"\" role=\"img\" ><\/div>\n\t\t\t\t\t\t\t\t\t\t\t\t\t\t<\/div>\n\t\t\t\t\t\t\t<div class=\"e-gallery-item elementor-gallery-item\">\n\t\t\t\t\t<div class=\"e-gallery-image elementor-gallery-item__image\" data-thumbnail=\"https:\/\/produza.com.py\/wp-content\/uploads\/2025\/03\/canada-organic.png\" data-width=\"200\" data-height=\"145\" aria-label=\"\" role=\"img\" ><\/div>\n\t\t\t\t\t\t\t\t\t\t\t\t\t\t<\/div>\n\t\t\t\t\t\t\t<div class=\"e-gallery-item elementor-gallery-item\">\n\t\t\t\t\t<div class=\"e-gallery-image elementor-gallery-item__image\" data-thumbnail=\"https:\/\/produza.com.py\/wp-content\/uploads\/2025\/03\/organico-brasil.png\" data-width=\"200\" data-height=\"145\" aria-label=\"\" role=\"img\" ><\/div>\n\t\t\t\t\t\t\t\t\t\t\t\t\t\t<\/div>\n\t\t\t\t\t\t\t<div class=\"e-gallery-item elementor-gallery-item\">\n\t\t\t\t\t<div class=\"e-gallery-image elementor-gallery-item__image\" data-thumbnail=\"https:\/\/produza.com.py\/wp-content\/uploads\/2025\/03\/jas.png\" data-width=\"200\" data-height=\"145\" aria-label=\"\" role=\"img\" ><\/div>\n\t\t\t\t\t\t\t\t\t\t\t\t\t\t<\/div>\n\t\t\t\t\t<\/div>\n\t\t\t\t\t<\/div>\n\t\t\t\t<\/div>\n\t\t\t\t\t<\/div>\n\t\t\t\t<\/div>\n\t\t<div class=\"elementor-element elementor-element-2678164 e-flex e-con-boxed e-con e-parent\" data-id=\"2678164\" data-element_type=\"container\" data-settings=\"{&quot;background_background&quot;:&quot;classic&quot;}\">\n\t\t\t\t\t<div class=\"e-con-inner\">\n\t\t<div class=\"elementor-element elementor-element-66e871d e-con-full e-flex e-con e-child\" data-id=\"66e871d\" data-element_type=\"container\" data-settings=\"{&quot;background_background&quot;:&quot;classic&quot;}\">\n\t\t<div class=\"elementor-element elementor-element-762aad2 e-con-full e-flex e-con e-child\" data-id=\"762aad2\" data-element_type=\"container\">\n\t\t\t\t<div class=\"elementor-element elementor-element-483428d elementor-widget elementor-widget-heading\" data-id=\"483428d\" data-element_type=\"widget\" data-widget_type=\"heading.default\">\n\t\t\t\t<div class=\"elementor-widget-container\">\n\t\t\t\t\t<h2 class=\"elementor-heading-title elementor-size-default\">Na Produza, a qualidade come\u00e7a no campo e acompanha cada etapa do processo.<\/h2>\t\t\t\t<\/div>\n\t\t\t\t<\/div>\n\t\t\t\t<div class=\"elementor-element elementor-element-a712f2a elementor-widget elementor-widget-text-editor\" data-id=\"a712f2a\" data-element_type=\"widget\" data-widget_type=\"text-editor.default\">\n\t\t\t\t<div class=\"elementor-widget-container\">\n\t\t\t\t\t\t\t\t\t<p>Na Agropecu\u00e1ria Produza S.A., o controle de qualidade \u00e9 um aspecto fundamental que permeia todo o processo produtivo, garantindo a excel\u00eancia do produto, desde o plantio no campo at\u00e9 a entrega final aos clientes internacionais. Entre os v\u00e1rios controles de qualidade implementados pela empresa est\u00e3o:<\/p>\t\t\t\t\t\t\t\t<\/div>\n\t\t\t\t<\/div>\n\t\t\t\t<div class=\"elementor-element elementor-element-456574c elementor-widget elementor-widget-text-editor\" data-id=\"456574c\" data-element_type=\"widget\" data-widget_type=\"text-editor.default\">\n\t\t\t\t<div class=\"elementor-widget-container\">\n\t\t\t\t\t\t\t\t\t<p>1. Controle de produ\u00e7\u00e3o em campo<br \/>2. Monitoramento durante o cultivo<br \/>3. Controle de colheita e p\u00f3s-colheita<br \/>4. Processamento e extra\u00e7\u00e3o<br \/>5. Testes laboratoriais internos<br \/>6. Testes em laborat\u00f3rios europeus reconhecidos mundialmente<br \/>7. Rastreabilidade e certifica\u00e7\u00f5es<br \/>8. Controle de exporta\u00e7\u00e3o<\/p>\t\t\t\t\t\t\t\t<\/div>\n\t\t\t\t<\/div>\n\t\t\t\t<\/div>\n\t\t<div class=\"elementor-element elementor-element-7a752b6 e-con-full e-flex e-con e-child\" data-id=\"7a752b6\" data-element_type=\"container\" data-settings=\"{&quot;background_background&quot;:&quot;classic&quot;}\">\n\t\t\t\t<div class=\"elementor-element elementor-element-95061e9 elementor-invisible elementor-widget elementor-widget-image\" data-id=\"95061e9\" data-element_type=\"widget\" data-settings=\"{&quot;_animation&quot;:&quot;fadeIn&quot;}\" data-widget_type=\"image.default\">\n\t\t\t\t<div class=\"elementor-widget-container\">\n\t\t\t\t\t\t\t\t\t\t\t\t\t\t\t<img fetchpriority=\"high\" decoding=\"async\" width=\"251\" height=\"384\" src=\"https:\/\/produza.com.py\/wp-content\/uploads\/2024\/10\/img.contacto.webp\" class=\"attachment-full size-full wp-image-2372\" alt=\"\" \/>\t\t\t\t\t\t\t\t\t\t\t\t\t\t\t<\/div>\n\t\t\t\t<\/div>\n\t\t\t\t<\/div>\n\t\t\t\t<\/div>\n\t\t\t\t\t<\/div>\n\t\t\t\t<\/div>\n\t\t<div class=\"elementor-element elementor-element-c29d429 e-flex e-con-boxed e-con e-parent\" data-id=\"c29d429\" data-element_type=\"container\" data-settings=\"{&quot;background_background&quot;:&quot;classic&quot;}\">\n\t\t\t\t\t<div class=\"e-con-inner\">\n\t\t\t\t<div class=\"elementor-element elementor-element-f08c1df elementor-widget elementor-widget-heading\" data-id=\"f08c1df\" data-element_type=\"widget\" data-widget_type=\"heading.default\">\n\t\t\t\t<div class=\"elementor-widget-container\">\n\t\t\t\t\t<h2 class=\"elementor-heading-title elementor-size-default\">Conhe\u00e7a nossa planta<\/h2>\t\t\t\t<\/div>\n\t\t\t\t<\/div>\n\t\t<div class=\"elementor-element elementor-element-f4ea2a9 e-con-full e-flex e-con e-child\" data-id=\"f4ea2a9\" data-element_type=\"container\">\n\t\t\t\t<div class=\"elementor-element elementor-element-97f96e2 elementor-widget elementor-widget-video\" data-id=\"97f96e2\" data-element_type=\"widget\" data-settings=\"{&quot;video_type&quot;:&quot;hosted&quot;,&quot;controls&quot;:&quot;yes&quot;}\" data-widget_type=\"video.default\">\n\t\t\t\t<div class=\"elementor-widget-container\">\n\t\t\t\t\t\t\t<div class=\"e-hosted-video elementor-wrapper elementor-open-inline\">\n\t\t\t\t\t<video class=\"elementor-video\" src=\"https:\/\/produza.com.py\/wp-content\/uploads\/2024\/09\/PRODUZA_INST23C-ING.mp4\" controls=\"\" preload=\"metadata\" controlslist=\"nodownload\"><\/video>\n\t\t\t\t<\/div>\n\t\t\t\t\t\t<\/div>\n\t\t\t\t<\/div>\n\t\t\t\t<\/div>\n\t\t\t\t\t<\/div>\n\t\t\t\t<\/div>\n\t\t<div class=\"elementor-element elementor-element-f29b724 e-flex e-con-boxed e-con e-parent\" data-id=\"f29b724\" data-element_type=\"container\" data-settings=\"{&quot;background_background&quot;:&quot;classic&quot;}\">\n\t\t\t\t\t<div class=\"e-con-inner\">\n\t\t\t\t<div class=\"elementor-element elementor-element-dda78d4 elementor-widget elementor-widget-heading\" data-id=\"dda78d4\" data-element_type=\"widget\" data-widget_type=\"heading.default\">\n\t\t\t\t<div class=\"elementor-widget-container\">\n\t\t\t\t\t<h5 class=\"elementor-heading-title elementor-size-default\">Entre em contato conosco<\/h5>\t\t\t\t<\/div>\n\t\t\t\t<\/div>\n\t\t\t\t<div class=\"elementor-element elementor-element-93b4f77 elementor-widget elementor-widget-template\" data-id=\"93b4f77\" data-element_type=\"widget\" data-widget_type=\"template.default\">\n\t\t\t\t<div class=\"elementor-widget-container\">\n\t\t\t\t\t\t\t<div class=\"elementor-template\">\n\t\t\t\t\t<div data-elementor-type=\"container\" data-elementor-id=\"2620\" class=\"elementor elementor-2620\" data-elementor-post-type=\"elementor_library\">\n\t\t\t\t<div class=\"elementor-element elementor-element-6e0c3ab1 e-con-full e-flex e-con e-child\" data-id=\"6e0c3ab1\" data-element_type=\"container\">\n\t\t\t\t<div class=\"elementor-element elementor-element-259587ec elementor-button-align-center elementor-widget elementor-widget-form\" data-id=\"259587ec\" data-element_type=\"widget\" data-settings=\"{&quot;step_next_label&quot;:&quot;Next&quot;,&quot;step_previous_label&quot;:&quot;Previous&quot;,&quot;button_width&quot;:&quot;100&quot;,&quot;step_type&quot;:&quot;number_text&quot;,&quot;step_icon_shape&quot;:&quot;circle&quot;}\" data-widget_type=\"form.default\">\n\t\t\t\t<div class=\"elementor-widget-container\">\n\t\t\t\t\t\t\t<form class=\"elementor-form\" method=\"post\" name=\"Formulario de Contacto\" action=\"\">\n\t\t\t<input type=\"hidden\" name=\"post_id\" value=\"2620\"\/>\n\t\t\t<input type=\"hidden\" name=\"form_id\" value=\"259587ec\"\/>\n\t\t\t<input type=\"hidden\" name=\"referer_title\" value=\"\" \/>\n\n\t\t\t\t\t\t\t<input type=\"hidden\" name=\"queried_id\" value=\"8\"\/>\n\t\t\t\n\t\t\t<div class=\"elementor-form-fields-wrapper elementor-labels-above\">\n\t\t\t\t\t\t\t\t<div class=\"elementor-field-type-text elementor-field-group elementor-column elementor-field-group-name elementor-col-50 elementor-md-40\">\n\t\t\t\t\t\t\t\t\t\t\t\t\t<input size=\"1\" type=\"text\" name=\"form_fields[name]\" id=\"form-field-name\" class=\"elementor-field elementor-size-md  elementor-field-textual\" placeholder=\"Nome\">\n\t\t\t\t\t\t\t\t\t\t\t<\/div>\n\t\t\t\t\t\t\t\t<div class=\"elementor-field-type-text elementor-field-group elementor-column elementor-field-group-field_c64d24d elementor-col-50\">\n\t\t\t\t\t\t\t\t\t\t\t\t\t<input size=\"1\" type=\"text\" name=\"form_fields[field_c64d24d]\" id=\"form-field-field_c64d24d\" class=\"elementor-field elementor-size-md  elementor-field-textual\" placeholder=\"Sobrenome\">\n\t\t\t\t\t\t\t\t\t\t\t<\/div>\n\t\t\t\t\t\t\t\t<div class=\"elementor-field-type-email elementor-field-group elementor-column elementor-field-group-email elementor-col-50 elementor-md-40 elementor-field-required\">\n\t\t\t\t\t\t\t\t\t\t\t\t\t<input size=\"1\" type=\"email\" name=\"form_fields[email]\" id=\"form-field-email\" class=\"elementor-field elementor-size-md  elementor-field-textual\" placeholder=\"E-mail\" required=\"required\" aria-required=\"true\">\n\t\t\t\t\t\t\t\t\t\t\t<\/div>\n\t\t\t\t\t\t\t\t<div class=\"elementor-field-type-text elementor-field-group elementor-column elementor-field-group-field_28174b1 elementor-col-50\">\n\t\t\t\t\t\t\t\t\t\t\t\t\t<input size=\"1\" type=\"text\" name=\"form_fields[field_28174b1]\" id=\"form-field-field_28174b1\" class=\"elementor-field elementor-size-md  elementor-field-textual\" placeholder=\"Celular\">\n\t\t\t\t\t\t\t\t\t\t\t<\/div>\n\t\t\t\t\t\t\t\t<div class=\"elementor-field-type-textarea elementor-field-group elementor-column elementor-field-group-message elementor-col-100 elementor-md-80\">\n\t\t\t\t\t<textarea class=\"elementor-field-textual elementor-field  elementor-size-md\" name=\"form_fields[message]\" id=\"form-field-message\" rows=\"3\" placeholder=\"Mensage\"><\/textarea>\t\t\t\t<\/div>\n\t\t\t\t\t\t\t\t<div class=\"elementor-field-type-text\">\n\t\t\t\t\t<input size=\"1\" type=\"text\" name=\"form_fields[field_14a5263]\" id=\"form-field-field_14a5263\" class=\"elementor-field elementor-size-md\" style=\"display:none !important;\">\t\t\t\t<\/div>\n\t\t\t\t\t\t\t\t<div class=\"elementor-field-type-hidden elementor-field-group elementor-column elementor-field-group-field_74c29a0 elementor-col-100\">\n\t\t\t\t\t\t\t\t\t\t\t\t\t<input size=\"1\" type=\"hidden\" name=\"form_fields[field_74c29a0]\" id=\"form-field-field_74c29a0\" class=\"elementor-field elementor-size-md  elementor-field-textual\">\n\t\t\t\t\t\t\t\t\t\t\t<\/div>\n\t\t\t\t\t\t\t\t<div class=\"elementor-field-type-recaptcha_v3 elementor-field-group elementor-column elementor-field-group-field_b59b34f elementor-col-100 recaptcha_v3-bottomright\">\n\t\t\t\t\t<div class=\"elementor-field\" id=\"form-field-field_b59b34f\"><div class=\"elementor-g-recaptcha\" data-sitekey=\"6LcVY_oqAAAAAEwbhfskYG2wCRVIqgvzO-ylzc5p\" data-type=\"v3\" data-action=\"Form\" data-badge=\"bottomright\" data-size=\"invisible\"><\/div><\/div>\t\t\t\t<\/div>\n\t\t\t\t\t\t\t\t<div class=\"elementor-field-group elementor-column elementor-field-type-submit elementor-col-100 e-form__buttons\">\n\t\t\t\t\t<button class=\"elementor-button elementor-size-md\" type=\"submit\">\n\t\t\t\t\t\t<span class=\"elementor-button-content-wrapper\">\n\t\t\t\t\t\t\t\t\t\t\t\t\t\t\t\t\t\t\t\t\t\t<span class=\"elementor-button-text\">Contate-nos<\/span>\n\t\t\t\t\t\t\t\t\t\t\t\t\t<\/span>\n\t\t\t\t\t<\/button>\n\t\t\t\t<\/div>\n\t\t\t<\/div>\n\t\t<input type=\"hidden\" name=\"trp-form-language\" value=\"pt\"\/><\/form>\n\t\t\t\t\t\t<\/div>\n\t\t\t\t<\/div>\n\t\t\t\t<\/div>\n\t\t\t\t<\/div>\n\t\t\t\t<\/div>\n\t\t\t\t\t\t<\/div>\n\t\t\t\t<\/div>\n\t\t\t\t\t<\/div>\n\t\t\t\t<\/div>\n\t\t\t\t<\/div>","protected":false},"excerpt":{"rendered":"<p>Calidad &amp; Certificaciones PLANTA DE PRODUZA Agropecuaria Produza S.A. se enorgullece de contar con una planta procesadora de \u00faltima generaci\u00f3n, certificada en inocuidad alimentaria (FSSC22.000), que garantiza que sus productos de ch\u00eda \u2013granos, aceite y harina\u2013 cumplen con los m\u00e1s altos est\u00e1ndares de calidad e inocuidad. \u00a0Con un enfoque en la calidad desde el cultivo &#8230; <a title=\"Calidad &amp; Certificaciones\" class=\"read-more\" href=\"https:\/\/produza.com.py\/pt\/calidad-certificaciones\/\" aria-label=\"Read more about Calidad &amp; Certificaciones\">Ler mais<\/a><\/p>","protected":false},"author":1,"featured_media":0,"parent":0,"menu_order":0,"comment_status":"closed","ping_status":"closed","template":"elementor_header_footer","meta":{"inline_featured_image":false,"footnotes":""},"class_list":["post-59","page","type-page","status-publish"],"_links":{"self":[{"href":"https:\/\/produza.com.py\/pt\/wp-json\/wp\/v2\/pages\/59","targetHints":{"allow":["GET"]}}],"collection":[{"href":"https:\/\/produza.com.py\/pt\/wp-json\/wp\/v2\/pages"}],"about":[{"href":"https:\/\/produza.com.py\/pt\/wp-json\/wp\/v2\/types\/page"}],"author":[{"embeddable":true,"href":"https:\/\/produza.com.py\/pt\/wp-json\/wp\/v2\/users\/1"}],"replies":[{"embeddable":true,"href":"https:\/\/produza.com.py\/pt\/wp-json\/wp\/v2\/comments?post=59"}],"version-history":[{"count":273,"href":"https:\/\/produza.com.py\/pt\/wp-json\/wp\/v2\/pages\/59\/revisions"}],"predecessor-version":[{"id":3130,"href":"https:\/\/produza.com.py\/pt\/wp-json\/wp\/v2\/pages\/59\/revisions\/3130"}],"wp:attachment":[{"href":"https:\/\/produza.com.py\/pt\/wp-json\/wp\/v2\/media?parent=59"}],"curies":[{"name":"wp","href":"https:\/\/api.w.org\/{rel}","templated":true}]}}